{"id":2054,"date":"2019-01-18T15:15:33","date_gmt":"2019-01-18T15:15:33","guid":{"rendered":"https:\/\/www.gibernauasesores.com\/inicio\/"},"modified":"2025-12-18T19:55:56","modified_gmt":"2025-12-18T18:55:56","slug":"inici","status":"publish","type":"page","link":"https:\/\/www.gibernau.es\/ca\/","title":{"rendered":"Inici"},"content":{"rendered":"<div class=\"wpb-content-wrapper\"><p>[vc_row css_animation=&#8221;&#8221; row_type=&#8221;row&#8221; use_row_as_full_screen_section=&#8221;no&#8221; type=&#8221;grid&#8221; angled_section=&#8221;no&#8221; text_align=&#8221;left&#8221; background_image_as_pattern=&#8221;without_pattern&#8221; css=&#8221;.vc_custom_1548067459468{padding-top: 60px !important;padding-bottom: 60px !important;}&#8221; z_index=&#8221;&#8221;][vc_column width=&#8221;1\/3&#8243;][vc_empty_space][vc_single_image image=&#8221;2058&#8243; img_size=&#8221;full&#8221; onclick=&#8221;custom_link&#8221; qode_css_animation=&#8221;&#8221; link=&#8221;#la-firma&#8221;][vc_empty_space height=&#8221;22px&#8221;][vc_column_text]<\/p>\n<h2><a href=\"#la-firma\">La Firma<\/a><\/h2>\n<p>[\/vc_column_text][vc_empty_space height=&#8221;22px&#8221;][vc_column_text]Gibernau es configura com un despatx professional de serveis d\u2019assessorament a empreses i particulars en l\u2019\u00e0mbit tributari, legal i comptable.[\/vc_column_text][\/vc_column][vc_column width=&#8221;1\/3&#8243;][vc_empty_space][vc_single_image image=&#8221;3582&#8243; img_size=&#8221;full&#8221; onclick=&#8221;custom_link&#8221; css=&#8221;&#8221; qode_css_animation=&#8221;&#8221; link=&#8221;#areas-de-practica&#8221;][vc_empty_space height=&#8221;22px&#8221;][vc_column_text]<\/p>\n<h2><a href=\"#areas-de-practica\">\u00c0rees de pr\u00e0ctica <\/a><\/h2>\n<p>[\/vc_column_text][vc_empty_space height=&#8221;22px&#8221;][vc_column_text]El despatx ofereix assessorament en les seg\u00fcents \u00e0rees:<\/p>\n<ul class=\"dashed\">\n<li>Fiscal \u2013 Comptable<\/li>\n<li>Mercantil \u2013 Civil \u2013 Immobiliari<\/li>\n<\/ul>\n<p>[\/vc_column_text][\/vc_column][vc_column width=&#8221;1\/3&#8243;][vc_empty_space][vc_single_image image=&#8221;1955&#8243; img_size=&#8221;full&#8221; onclick=&#8221;custom_link&#8221; css=&#8221;&#8221; qode_css_animation=&#8221;&#8221; link=&#8221;https:\/\/www.gibernau.es\/ca\/equip\/&#8221;][vc_empty_space height=&#8221;22px&#8221;][vc_column_text css=&#8221;&#8221;]<\/p>\n<h2><a href=\"https:\/\/www.gibernau.es\/ca\/equip\/\">Equip<\/a><\/h2>\n<p>[\/vc_column_text][vc_empty_space height=&#8221;22px&#8221;][vc_column_text]La firma compte amb un equip de professionals amb formaci\u00f3 especifica i \u00e0mplia experi\u00e8ncia en l\u2019assessorament recurrent del dia a dia, aix\u00ed com en les grans operacions de societats i particulars.[\/vc_column_text][\/vc_column][\/vc_row][vc_row css_animation=&#8221;&#8221; row_type=&#8221;row&#8221; use_row_as_full_screen_section=&#8221;no&#8221; type=&#8221;full_width&#8221; angled_section=&#8221;no&#8221; text_align=&#8221;center&#8221; background_image_as_pattern=&#8221;without_pattern&#8221; anchor=&#8221;la-firma&#8221; css=&#8221;.vc_custom_1695893942808{padding-top: 30px !important;padding-bottom: 30px !important;background-color: #222222 !important;}&#8221; z_index=&#8221;&#8221; el_id=&#8221;la-firma&#8221;][vc_column][vc_column_text]<\/p>\n<h3 style=\"text-align: center;\"><span style=\"color: #ffffff;\">Per estar informat de les \u00faltimes novetats sobre temes tributaris, legals i comptables<\/span><\/h3>\n<p>[\/vc_column_text][vc_empty_space height=&#8221;22px&#8221;][vc_column_text]\n\t<section id=\"yikes-mailchimp-container-2\" class=\"yikes-mailchimp-container yikes-mailchimp-container-2 \">\n\t\t\t\t<form id=\"newsletter-ca-2\" class=\"yikes-easy-mc-form yikes-easy-mc-form-2  newsletterform\" method=\"POST\" data-attr-form-id=\"2\">\n\n\t\t\t\t\t\t\t\t\t\t\t\t\t<label for=\"yikes-easy-mc-form-2-FNAME\"  class=\"FNAME-label yikes-mailchimp-field-required \">\n\n\t\t\t\t\t\t\t\t\t\t<!-- dictate label visibility -->\n\t\t\t\t\t\t\t\t\t\t\t\t\t\t\t\t\t\t\t\t\t<span class=\"FNAME-label\">\n\t\t\t\t\t\t\t\t\t\t\t\tNom\t\t\t\t\t\t\t\t\t\t\t<\/span>\n\t\t\t\t\t\t\t\t\t\t\n\t\t\t\t\t\t\t\t\t\t<!-- Description Above -->\n\t\t\t\t\t\t\t\t\t\t\n\t\t\t\t\t\t\t\t\t\t<input id=\"yikes-easy-mc-form-2-FNAME\"  name=\"FNAME\"  placeholder=\"Nom i cognoms\"  class=\"yikes-easy-mc-text minimform\"  required=\"required\" type=\"text\"  value=\"\">\n\n\t\t\t\t\t\t\t\t\t\t<!-- Description Below -->\n\t\t\t\t\t\t\t\t\t\t\n\t\t\t\t\t\t\t\t\t<\/label>\n\t\t\t\t\t\t\t\t\t\t\t\t\t\t\t\t\t\t<label for=\"yikes-easy-mc-form-2-EMAIL\"  class=\"EMAIL-label yikes-mailchimp-field-required \">\n\n\t\t\t\t\t\t\t\t\t\t<!-- dictate label visibility -->\n\t\t\t\t\t\t\t\t\t\t\t\t\t\t\t\t\t\t\t\t\t<span class=\"EMAIL-label\">\n\t\t\t\t\t\t\t\t\t\t\t\tAdre\u00e7a d&#039;e-mail\t\t\t\t\t\t\t\t\t\t\t<\/span>\n\t\t\t\t\t\t\t\t\t\t\n\t\t\t\t\t\t\t\t\t\t<!-- Description Above -->\n\t\t\t\t\t\t\t\t\t\t\n\t\t\t\t\t\t\t\t\t\t<input id=\"yikes-easy-mc-form-2-EMAIL\"  name=\"EMAIL\"  placeholder=\"E-Mail\"  class=\"yikes-easy-mc-email minimform\"  required=\"required\" type=\"email\"  value=\"\">\n\n\t\t\t\t\t\t\t\t\t\t<!-- Description Below -->\n\t\t\t\t\t\t\t\t\t\t\n\t\t\t\t\t\t\t\t\t<\/label>\n\t\t\t\t\t\t\t\t\t<label class=\"yikes-mailchimp-eu-compliance-label\"><input type=\"checkbox\" required=\"required\" name=\"eu-laws\" value=\"1\" > <div class=\"yikes-mailchimp-eu-compliance-text\"><p><span style=\"margin-left:10px\">En marcar aquesta casella, dono el meu consentiment per a l&#8217;\u00fas de la meva informaci\u00f3 proporcionada per a fins de m\u00e0rqueting per correu electr\u00f2nic. <\/span><\/p>\n<\/div><\/label><input type=\"hidden\" name=\"recaptcha_three_response\" id=\"recaptcha_three_response\" \/>\n\t\t\t\t<!-- Honeypot Trap -->\n\t\t\t\t<input type=\"hidden\" name=\"yikes-mailchimp-honeypot\" id=\"yikes-mailchimp-honeypot-2\" value=\"\">\n\n\t\t\t\t<!-- List ID -->\n\t\t\t\t<input type=\"hidden\" name=\"yikes-mailchimp-associated-list-id\" id=\"yikes-mailchimp-associated-list-id-2\" value=\"da9887c5fb\">\n\n\t\t\t\t<!-- The form that is being submitted! Used to display error\/success messages above the correct form -->\n\t\t\t\t<input type=\"hidden\" name=\"yikes-mailchimp-submitted-form\" id=\"yikes-mailchimp-submitted-form-2\" value=\"2\">\n\n\t\t\t\t<!-- Submit Button -->\n\t\t\t\t<button type=\"submit\" class=\"yikes-easy-mc-submit-button yikes-easy-mc-submit-button-2 btn btn-primary \"> <span class=\"yikes-mailchimp-submit-button-span-text\">Enviar<\/span><\/button>\t\t\t\t<!-- Nonce Security Check -->\n\t\t\t\t<input type=\"hidden\" id=\"yikes_easy_mc_new_subscriber_2\" name=\"yikes_easy_mc_new_subscriber\" value=\"0efe5f4116\">\n\t\t\t\t<input type=\"hidden\" name=\"_wp_http_referer\" value=\"\/ca\/wp-json\/wp\/v2\/pages\/2054\" \/>\n\t\t\t<\/form>\n\t\t\t<!-- Mailchimp Form generated by Easy Forms for Mailchimp v6.9.0 (https:\/\/wordpress.org\/plugins\/yikes-inc-easy-mailchimp-extender\/) -->\n\n\t\t\t<\/section>\n\t[\/vc_column_text][\/vc_column][\/vc_row][vc_row css_animation=&#8221;&#8221; row_type=&#8221;row&#8221; use_row_as_full_screen_section=&#8221;no&#8221; type=&#8221;full_width&#8221; angled_section=&#8221;no&#8221; text_align=&#8221;center&#8221; background_image_as_pattern=&#8221;without_pattern&#8221; css=&#8221;.vc_custom_1551456306249{padding-top: 30px !important;padding-bottom: 30px !important;background-color: #444444 !important;}&#8221; z_index=&#8221;&#8221;][vc_column][vc_column_text]<\/p>\n<h2><span style=\"color: #ffffff;\">La Firma<\/span><\/h2>\n<p>[\/vc_column_text][\/vc_column][\/vc_row][vc_row css_animation=&#8221;&#8221; row_type=&#8221;row&#8221; use_row_as_full_screen_section=&#8221;no&#8221; type=&#8221;full_width&#8221; angled_section=&#8221;no&#8221; text_align=&#8221;left&#8221; background_image_as_pattern=&#8221;without_pattern&#8221; css=&#8221;.vc_custom_1548068576729{background-color: #ffffff !important;}&#8221; z_index=&#8221;&#8221;][vc_column][qode_elements_holder number_of_columns=&#8221;two_columns&#8221;][qode_elements_holder_item cover=&#8221;yes&#8221; advanced_animations=&#8221;no&#8221; background_image=&#8221;1971&#8243; item_padding=&#8221;120px&#8221;][\/qode_elements_holder_item][qode_elements_holder_item advanced_animations=&#8221;no&#8221; item_padding_1280_1440=&#8221;60px 120px 60px 60px&#8221; item_padding_1024_1280=&#8221;60px 150px 60px 60px&#8221; item_padding_768_1024=&#8221;60px 60px 60px 60px&#8221; item_padding_600_768=&#8221;30px 30px 30px 30px&#8221; custom_class=&#8221;mindreta&#8221; item_padding=&#8221;100px 100px 100px 100px&#8221;][vc_column_text]GIBERNAU, fundat l\u2019any 1979 pel Sr. C\u00e9sar A. Gibernau Ausi\u00f3, es configura com un despatx professional de serveis d\u2019assessorament a empreses i particulars en l\u2019\u00e0mbit tributari, legal i comptable. La firma, amb col\u00b7laboraci\u00f3 amb altres despatxos professionals, ofereix tamb\u00e9 assessorament als seus clients en dret concursal, processal i laboral.<\/p>\n<p>El nostre prop\u00f2sit \u00e9s aportar solucions a les necessitats que ens plantegen els nostres clients, amb el menor temps possible, rigor\u00f3s coneixement t\u00e8cnic i tracte totalment personalitzat, sota la direcci\u00f3 del soci.<\/p>\n<p>La qualitat t\u00e8cnica, la rapidesa i el tracte personalitzat defineixen la nostra forma de treballar.[\/vc_column_text][\/qode_elements_holder_item][\/qode_elements_holder][\/vc_column][\/vc_row][vc_row css_animation=&#8221;&#8221; row_type=&#8221;row&#8221; use_row_as_full_screen_section=&#8221;no&#8221; type=&#8221;full_width&#8221; angled_section=&#8221;no&#8221; text_align=&#8221;center&#8221; background_image_as_pattern=&#8221;without_pattern&#8221; anchor=&#8221;areas-de-practica&#8221; css=&#8221;.vc_custom_1695893899700{padding-top: 30px !important;padding-bottom: 30px !important;background-color: #444444 !important;}&#8221; z_index=&#8221;&#8221; el_id=&#8221;areas-de-practica&#8221;][vc_column][vc_column_text]<\/p>\n<h2><span style=\"color: #ffffff;\">\u00c0rees de pr\u00e0ctica<\/span><\/h2>\n<p>[\/vc_column_text][\/vc_column][\/vc_row][vc_row css_animation=&#8221;&#8221; row_type=&#8221;row&#8221; use_row_as_full_screen_section=&#8221;no&#8221; type=&#8221;full_width&#8221; angled_section=&#8221;no&#8221; text_align=&#8221;left&#8221; background_image_as_pattern=&#8221;without_pattern&#8221; css=&#8221;.vc_custom_1548068576729{background-color: #ffffff !important;}&#8221; z_index=&#8221;&#8221;][vc_column][qode_elements_holder number_of_columns=&#8221;two_columns&#8221;][qode_elements_holder_item advanced_animations=&#8221;no&#8221; item_padding_1280_1440=&#8221;60px 60px 60px 120px&#8221; item_padding_1024_1280=&#8221;60px 60px 60px 150px&#8221; item_padding_768_1024=&#8221;60px 60px 60px 60px&#8221; item_padding_600_768=&#8221;30px 30px 30px 30px&#8221; custom_class=&#8221;minesquerra&#8221; item_padding=&#8221;100px 100px 100px 100px&#8221;][vc_empty_space height=&#8221;22px&#8221;][vc_column_text]<\/p>\n<h3>Fiscal &#8211; Comptable<\/h3>\n<ul class=\"dashed\">\n<li>Impost sobre Societats, Impost sobre el Valor Afegit, Impost sobre la Renda de les Persones F\u00edsiques, Impost sobre el Patrimoni, Impost sobre Successions i Donacions, Impost de no residents, impostos municipals.<\/li>\n<li>Due Diligence fiscal.<\/li>\n<li>Procediment tributari: inspeccions d\u2019Hisenda i expedients sancionadors.<\/li>\n<li>Recursos i reclamacions administratives, econ\u00f2mic &#8211; administratives i contenci\u00f3s &#8211; administratives.<\/li>\n<li>Declaracions fiscals.<\/li>\n<li>Consolidaci\u00f3 fiscal i comptable.<\/li>\n<li>Reestructuracions i successions d\u2019empreses i patrimonis.<\/li>\n<li>Operacions vinculades, preus de transfer\u00e8ncia. Planificaci\u00f3 fiscal general i internacional.<\/li>\n<li>Confecci\u00f3 i revisions comptables, preparaci\u00f3 de comptes anuals.<\/li>\n<li>Plans de viabilitat i consultoria empresarial.<\/li>\n<li>Fundacions i entitats sense fins lucratius.<\/li>\n<\/ul>\n<p>[\/vc_column_text][\/qode_elements_holder_item][qode_elements_holder_item cover=&#8221;yes&#8221; advanced_animations=&#8221;no&#8221; background_image=&#8221;2408&#8243; item_padding=&#8221;120px&#8221;][\/qode_elements_holder_item][\/qode_elements_holder][\/vc_column][\/vc_row][vc_row css_animation=&#8221;&#8221; row_type=&#8221;row&#8221; use_row_as_full_screen_section=&#8221;no&#8221; type=&#8221;full_width&#8221; angled_section=&#8221;no&#8221; text_align=&#8221;left&#8221; background_image_as_pattern=&#8221;without_pattern&#8221; css=&#8221;.vc_custom_1548068576729{background-color: #ffffff !important;}&#8221; z_index=&#8221;&#8221;][vc_column][qode_elements_holder number_of_columns=&#8221;two_columns&#8221;][qode_elements_holder_item cover=&#8221;yes&#8221; advanced_animations=&#8221;no&#8221; background_image=&#8221;3368&#8243; item_padding=&#8221;120px&#8221;][\/qode_elements_holder_item][qode_elements_holder_item advanced_animations=&#8221;no&#8221; item_padding_1280_1440=&#8221;60px 120px 60px 60px&#8221; item_padding_1024_1280=&#8221;60px 150px 60px 60px&#8221; item_padding_768_1024=&#8221;60px 60px 60px 60px&#8221; item_padding_600_768=&#8221;30px 30px 30px 30px&#8221; custom_class=&#8221;mindreta&#8221; item_padding=&#8221;100px 100px 100px 100px&#8221;][vc_column_text]<\/p>\n<h3>Mercantil &#8211; Civil \u2013 Immobiliari<\/h3>\n<ul class=\"dashed\">\n<li>Dret societari i govern corporatiu.<\/li>\n<li>Reestructuracions societ\u00e0ries: transformacions, fusions, escissions, dissolucions i liquidacions.<\/li>\n<li>Assessorament en la compravenda d\u2019empreses.<\/li>\n<li>Due Diligence legal.<\/li>\n<li>Formalitzaci\u00f3 d\u2019acords socials.<\/li>\n<li>Contractaci\u00f3.<\/li>\n<li>Pactes d\u2019accionistes.<\/li>\n<li>Reclamaci\u00f3 de deutes.<\/li>\n<li>Assessorament en operacions immobili\u00e0ries.<\/li>\n<li>Protocols familiars.<\/li>\n<li>Testaments i pactes successoris.<\/li>\n<li>Testamentaries, successions i her\u00e8ncies.<\/li>\n<\/ul>\n<p>[\/vc_column_text][\/qode_elements_holder_item][\/qode_elements_holder][\/vc_column][\/vc_row]<\/p>\n<\/div>","protected":false},"excerpt":{"rendered":"<p>[vc_row css_animation=&#8221;&#8221; row_type=&#8221;row&#8221; use_row_as_full_screen_section=&#8221;no&#8221; type=&#8221;grid&#8221; angled_section=&#8221;no&#8221; text_align=&#8221;left&#8221; background_image_as_pattern=&#8221;without_pattern&#8221; css=&#8221;.vc_custom_1548067459468{padding-top: 60px !important;padding-bottom: 60px !important;}&#8221; z_index=&#8221;&#8221;][vc_column width=&#8221;1\/3&#8243;][vc_empty_space][vc_single_image image=&#8221;2058&#8243; img_size=&#8221;full&#8221; onclick=&#8221;custom_link&#8221; qode_css_animation=&#8221;&#8221; link=&#8221;#la-firma&#8221;][vc_empty_space height=&#8221;22px&#8221;][vc_column_text] La Firma [\/vc_column_text][vc_empty_space height=&#8221;22px&#8221;][vc_column_text]Gibernau es configura com un despatx professional de serveis d\u2019assessorament a empreses i particulars en l\u2019\u00e0mbit tributari, legal i comptable.[\/vc_column_text][\/vc_column][vc_column width=&#8221;1\/3&#8243;][vc_empty_space][vc_single_image&#8230;<\/p>\n","protected":false},"author":1,"featured_media":0,"parent":0,"menu_order":0,"comment_status":"closed","ping_status":"closed","template":"full_width.php","meta":{"footnotes":""},"class_list":["post-2054","page","type-page","status-publish","hentry"],"_links":{"self":[{"href":"https:\/\/www.gibernau.es\/ca\/wp-json\/wp\/v2\/pages\/2054","targetHints":{"allow":["GET"]}}],"collection":[{"href":"https:\/\/www.gibernau.es\/ca\/wp-json\/wp\/v2\/pages"}],"about":[{"href":"https:\/\/www.gibernau.es\/ca\/wp-json\/wp\/v2\/types\/page"}],"author":[{"embeddable":true,"href":"https:\/\/www.gibernau.es\/ca\/wp-json\/wp\/v2\/users\/1"}],"replies":[{"embeddable":true,"href":"https:\/\/www.gibernau.es\/ca\/wp-json\/wp\/v2\/comments?post=2054"}],"version-history":[{"count":10,"href":"https:\/\/www.gibernau.es\/ca\/wp-json\/wp\/v2\/pages\/2054\/revisions"}],"predecessor-version":[{"id":3584,"href":"https:\/\/www.gibernau.es\/ca\/wp-json\/wp\/v2\/pages\/2054\/revisions\/3584"}],"wp:attachment":[{"href":"https:\/\/www.gibernau.es\/ca\/wp-json\/wp\/v2\/media?parent=2054"}],"curies":[{"name":"wp","href":"https:\/\/api.w.org\/{rel}","templated":true}]}}