{"id":2069,"date":"2019-02-01T12:53:15","date_gmt":"2019-02-01T11:53:15","guid":{"rendered":"https:\/\/www.gibernauasesores.com\/publicaciones\/"},"modified":"2022-03-10T10:04:13","modified_gmt":"2022-03-10T09:04:13","slug":"publicacions","status":"publish","type":"page","link":"https:\/\/www.gibernau.es\/ca\/publicacions\/","title":{"rendered":"Publicacions"},"content":{"rendered":"<div class=\"wpb-content-wrapper\"><p>[vc_row css_animation=&#8221;&#8221; row_type=&#8221;row&#8221; use_row_as_full_screen_section=&#8221;no&#8221; type=&#8221;grid&#8221; angled_section=&#8221;no&#8221; text_align=&#8221;center&#8221; background_image_as_pattern=&#8221;without_pattern&#8221; css=&#8221;.vc_custom_1549034101711{padding-top: 30px !important;padding-bottom: 30px !important;}&#8221; z_index=&#8221;&#8221;][vc_column][vc_column_text]<\/p>\n<p style=\"text-align: center;\">A Gibernau posem a la seva disposici\u00f3 <strong>circulars<\/strong> i la <strong>guia fiscal<\/strong> perqu\u00e8 tingui la m\u00e0xima informaci\u00f3 sobre l&#8217;actualitat fiscal, comptable, mercantil, civil i immobili\u00e0ria.<\/p>\n<p>[\/vc_column_text][vc_empty_space]<a  itemprop=\"url\" href=\"#circulares\" target=\"_self\"  class=\"qbutton  medium default\" style=\"\">Circulars<\/a><a  itemprop=\"url\" href=\"#guia-fiscal\" target=\"_self\"  class=\"qbutton  medium default\" style=\"\">Guia fiscal<\/a>[\/vc_column][\/vc_row][vc_row css_animation=&#8221;&#8221; row_type=&#8221;row&#8221; use_row_as_full_screen_section=&#8221;no&#8221; type=&#8221;full_width&#8221; angled_section=&#8221;no&#8221; text_align=&#8221;center&#8221; background_image_as_pattern=&#8221;without_pattern&#8221; anchor=&#8221;circulares&#8221; css=&#8221;.vc_custom_1549022130239{padding-top: 30px !important;padding-bottom: 30px !important;background-color: #444444 !important;}&#8221; z_index=&#8221;&#8221;][vc_column][vc_column_text]<\/p>\n<h2><span style=\"color: #ffffff;\">Circulars<\/span><\/h2>\n<p><small style=\"color: #ffffff; text-align: center;\">Informaci\u00f3 sobre l&#8217;actualitat fiscal, comptable, mercantil, civil i immobili\u00e0ria.<\/small>[\/vc_column_text][\/vc_column][\/vc_row][vc_row css_animation=&#8221;&#8221; row_type=&#8221;row&#8221; use_row_as_full_screen_section=&#8221;no&#8221; type=&#8221;full_width&#8221; angled_section=&#8221;no&#8221; text_align=&#8221;center&#8221; background_image_as_pattern=&#8221;without_pattern&#8221; css=&#8221;.vc_custom_1548157512055{padding-top: 30px !important;padding-bottom: 30px !important;}&#8221; z_index=&#8221;&#8221;][vc_column][vc_row_inner row_type=&#8221;row&#8221; type=&#8221;grid&#8221; text_align=&#8221;center&#8221; css_animation=&#8221;&#8221; css=&#8221;.vc_custom_1549037219789{padding-top: 22px !important;padding-bottom: 22px !important;}&#8221;][vc_column_inner css=&#8221;.vc_custom_1548157492215{margin-top: 0px !important;margin-bottom: 0px !important;}&#8221;][vc_empty_space]<div class='q_masonry_blog'><div class=\"q_masonry_blog_grid_sizer\"><\/div><div class=\"q_masonry_blog_grid_gutter\"><\/div><\/div>[\/vc_column_inner][\/vc_row_inner][\/vc_column][\/vc_row][vc_row css_animation=&#8221;&#8221; row_type=&#8221;row&#8221; use_row_as_full_screen_section=&#8221;no&#8221; type=&#8221;full_width&#8221; angled_section=&#8221;no&#8221; text_align=&#8221;left&#8221; background_image_as_pattern=&#8221;without_pattern&#8221; css=&#8221;.vc_custom_1548105435861{padding-top: 30px !important;padding-bottom: 30px !important;}&#8221; z_index=&#8221;&#8221;][vc_column][vc_empty_space height=&#8221;22px&#8221;][\/vc_column][\/vc_row][vc_row css_animation=&#8221;&#8221; row_type=&#8221;row&#8221; use_row_as_full_screen_section=&#8221;no&#8221; type=&#8221;full_width&#8221; angled_section=&#8221;no&#8221; text_align=&#8221;center&#8221; background_image_as_pattern=&#8221;without_pattern&#8221; anchor=&#8221;guia-fiscal&#8221; css=&#8221;.vc_custom_1549022150381{padding-top: 30px !important;padding-bottom: 30px !important;background-color: #444444 !important;}&#8221; z_index=&#8221;&#8221;][vc_column][vc_column_text]<\/p>\n<h2><span style=\"color: #ffffff;\">Gu\u00eda fiscal<\/span><\/h2>\n<p><small>Aspectos significativos en los \u00e1mbitos Fiscal y Mercantil <\/small>[\/vc_column_text][\/vc_column][\/vc_row][vc_row css_animation=&#8221;&#8221; row_type=&#8221;row&#8221; use_row_as_full_screen_section=&#8221;no&#8221; type=&#8221;grid&#8221; angled_section=&#8221;no&#8221; text_align=&#8221;left&#8221; background_image_as_pattern=&#8221;without_pattern&#8221; css=&#8221;.vc_custom_1549037083909{padding-top: 30px !important;padding-bottom: 30px !important;}&#8221; z_index=&#8221;&#8221;][vc_column][vc_row_inner row_type=&#8221;row&#8221; type=&#8221;full_width&#8221; text_align=&#8221;left&#8221; css_animation=&#8221;&#8221; css=&#8221;.vc_custom_1549037209601{padding-top: 22px !important;padding-bottom: 22px !important;}&#8221;][vc_column_inner width=&#8221;3\/4&#8243;][vc_column_text]La nostra Guia fiscal recull els aspectes que, des de el nostre punt de vista, resulten m\u00e9s significatius i que tindran la seva vig\u00e8ncia durant l&#8217;exercici actual en l&#8217;\u00e0mbit fiscal, juntament amb altres d&#8217;utilitat pr\u00e0ctica.<\/p>\n<p>No obstant aix\u00f2, cal tenir en compte que el contingut de la present Guia inclou les principals modificacions normatives aprovades fins al dia de tancament de la seva redacci\u00f3, en data 28 de febrer de 2018, quan encara no han estat aprovades les lleis de pressupostos de l&#8217;Estat ni de la Comunitat Aut\u00f2noma de Catalunya.<\/p>\n<p>D&#8217;altra banda, donat el seu car\u00e0cter purament informatiu, aquesta Guia nom\u00e9s recull aquells aspectes que han estat considerats m\u00e9s rellevants. Addicionalment, rebran informaci\u00f3 de les novetats tribut\u00e0ries, aix\u00ed com altres dades d&#8217;inter\u00e8s, a trav\u00e9s de les nostres circulars informatives o resums monogr\u00e0fics.<\/p>\n<p>Reiterem que la informaci\u00f3 d&#8217;aquesta Guia \u00e9s de car\u00e0cter general, no havent aplicar els seus continguts sense l&#8217;adequat assessorament i amb les oportunes recomanacions dels professionals del nostre despatx.<\/p>\n<p>Quedem a la seva disposici\u00f3 per comentar qualsevol consulta o aspecte del seu inter\u00e8s, tant dels temes tractats en aquest exemplar, com qualsevol altre en qu\u00e8 puguem assessorar-lo.[\/vc_column_text][\/vc_column_inner][vc_column_inner width=&#8221;1\/4&#8243;]<a  itemprop=\"url\" href=\"http:\/\/www.gibernauasesores.com\/wp-content\/uploads\/2019\/02\/GibernauAsesores-Guia-fiscal-2018.pdf\" target=\"_blank\"  class=\"qbutton  large default\" style=\"\">Gu\u00eda fiscal 2018<i class=\"qode_icon_font_awesome fa fa-file qode_button_icon_element\"><\/i><\/a>[vc_empty_space height=&#8221;22px&#8221;]<a  itemprop=\"url\" href=\"http:\/\/www.gibernauasesores.com\/wp-content\/uploads\/2019\/02\/GibernauAsesores-Guia-fiscal-2015.pdf\" target=\"_blank\"  class=\"qbutton  large default\" style=\"\">Gu\u00eda fiscal 2015<i class=\"qode_icon_font_awesome fa fa-file qode_button_icon_element\"><\/i><\/a>[vc_empty_space height=&#8221;22px&#8221;]<a  itemprop=\"url\" href=\"http:\/\/www.gibernauasesores.com\/wp-content\/uploads\/2019\/02\/GibernauAsesores-Guia-fiscal-2014.pdf\" target=\"_blank\"  class=\"qbutton  large default\" style=\"\">Gu\u00eda fiscal 2014<i class=\"qode_icon_font_awesome fa fa-file qode_button_icon_element\"><\/i><\/a>[\/vc_column_inner][\/vc_row_inner][\/vc_column][\/vc_row][vc_row css_animation=&#8221;&#8221; row_type=&#8221;row&#8221; use_row_as_full_screen_section=&#8221;no&#8221; type=&#8221;full_width&#8221; angled_section=&#8221;no&#8221; text_align=&#8221;left&#8221; background_image_as_pattern=&#8221;without_pattern&#8221;][vc_column][vc_empty_space][\/vc_column][\/vc_row]<\/p>\n<\/div>","protected":false},"excerpt":{"rendered":"<p>[vc_row css_animation=&#8221;&#8221; row_type=&#8221;row&#8221; use_row_as_full_screen_section=&#8221;no&#8221; type=&#8221;grid&#8221; angled_section=&#8221;no&#8221; text_align=&#8221;center&#8221; background_image_as_pattern=&#8221;without_pattern&#8221; css=&#8221;.vc_custom_1549034101711{padding-top: 30px !important;padding-bottom: 30px !important;}&#8221; z_index=&#8221;&#8221;][vc_column][vc_column_text] A Gibernau posem a la seva disposici\u00f3 circulars i la guia fiscal perqu\u00e8 tingui la m\u00e0xima informaci\u00f3 sobre l&#8217;actualitat fiscal, comptable, mercantil, civil i immobili\u00e0ria. [\/vc_column_text][vc_empty_space][\/vc_column][\/vc_row][vc_row css_animation=&#8221;&#8221; row_type=&#8221;row&#8221; use_row_as_full_screen_section=&#8221;no&#8221; type=&#8221;full_width&#8221; angled_section=&#8221;no&#8221;&#8230;<\/p>\n","protected":false},"author":1,"featured_media":0,"parent":0,"menu_order":3,"comment_status":"closed","ping_status":"closed","template":"full_width.php","meta":{"footnotes":""},"class_list":["post-2069","page","type-page","status-publish","hentry"],"_links":{"self":[{"href":"https:\/\/www.gibernau.es\/ca\/wp-json\/wp\/v2\/pages\/2069","targetHints":{"allow":["GET"]}}],"collection":[{"href":"https:\/\/www.gibernau.es\/ca\/wp-json\/wp\/v2\/pages"}],"about":[{"href":"https:\/\/www.gibernau.es\/ca\/wp-json\/wp\/v2\/types\/page"}],"author":[{"embeddable":true,"href":"https:\/\/www.gibernau.es\/ca\/wp-json\/wp\/v2\/users\/1"}],"replies":[{"embeddable":true,"href":"https:\/\/www.gibernau.es\/ca\/wp-json\/wp\/v2\/comments?post=2069"}],"version-history":[{"count":0,"href":"https:\/\/www.gibernau.es\/ca\/wp-json\/wp\/v2\/pages\/2069\/revisions"}],"wp:attachment":[{"href":"https:\/\/www.gibernau.es\/ca\/wp-json\/wp\/v2\/media?parent=2069"}],"curies":[{"name":"wp","href":"https:\/\/api.w.org\/{rel}","templated":true}]}}