{"id":2073,"date":"2019-01-21T21:36:52","date_gmt":"2019-01-21T20:36:52","guid":{"rendered":"https:\/\/www.gibernauasesores.com\/aviso-legal\/"},"modified":"2022-03-02T17:09:41","modified_gmt":"2022-03-02T16:09:41","slug":"avis-legal","status":"publish","type":"page","link":"https:\/\/www.gibernau.es\/ca\/avis-legal\/","title":{"rendered":"Av\u00eds legal"},"content":{"rendered":"<div class=\"wpb-content-wrapper\"><p>[vc_row css_animation=&#8221;&#8221; row_type=&#8221;row&#8221; use_row_as_full_screen_section=&#8221;no&#8221; type=&#8221;grid&#8221; angled_section=&#8221;no&#8221; text_align=&#8221;left&#8221; background_image_as_pattern=&#8221;without_pattern&#8221; z_index=&#8221;&#8221; css=&#8221;.vc_custom_1548103624244{padding-top: 60px !important;padding-bottom: 120px !important;}&#8221;][vc_column][vc_column_text]Les presents disposicions regulen l&#8217;\u00fas del servei del Portal d&#8217;internet (en endavant, el &#8220;Portal&#8221;) que Gibernau Asesores posa a disposici\u00f3 de l&#8217;usuari d&#8217;internet (en endavant, &#8220;l&#8217;Usuari&#8221;).<\/p>\n<p>Gibernau Asesores, S.L. (En endavant, &#8220;Gibernau&#8221;) \u00e9s una companyia mercantil de nacionalitat espanyola, domiciliada a Barcelona (08007), Rambla Catalunya, 47, 1r, amb N.I.F. B-61777876 i est\u00e0 inscrita en el Registre Mercantil de Barcelona al tom 31.107, foli 54, full n\u00famero B-186.912.<\/p>\n<p>El Portal \u00e9s propietat de Gibernau i la seva utilitzaci\u00f3 est\u00e0 subjecta a les seg\u00fcents condicions d&#8217;\u00fas. L&#8217;Usuari del Portal accepta expressament les condicions vigents en cada moment i, \u00e9s conscient que el seu \u00fas es realitza en tot cas sota la seva \u00fanica i exclusiva responsabilitat.<\/p>\n<p>En tot cas, Gibernau es reserva el dret de modificar, en qualsevol moment i sense previ av\u00eds, la presentaci\u00f3 i configuraci\u00f3 del Portal, aix\u00ed com les condicions generals i \/ o les particulars, si escau.<\/p>\n<h2>CONDICIONS D&#8217;\u00daS DEL PORTAL<\/h2>\n<p>El Portal posa a disposici\u00f3 de l&#8217;Usuari material amb informaci\u00f3 procedent de fonts pr\u00f2pies i de tercers amb fins \u00fanicament informatius. Gibernau procura que el contingut del Portal sigui de la major qualitat possible. No obstant aix\u00f2, l&#8217;Usuari ha de tenir en compte que tal material pogu\u00e9s no reflectir amb exactitud l&#8217;estat legislatiu o jurisprudencial m\u00e9s recent sobre les q\u00fcestions analitzades. Aix\u00ed mateix, s&#8217;informa que aquest material pot ser modificat, desenvolupat o actualitzat sense notificaci\u00f3 pr\u00e8via.<\/p>\n<p>El material contingut al Portal no constitueix cap manera la prestaci\u00f3 d&#8217;un servei d&#8217;assessorament fiscal, legal o de qualsevol altra naturalesa. L&#8217;acc\u00e9s a aquest material no pret\u00e9n constituir ni implica cap relaci\u00f3 entre Gibernau i l&#8217;Usuari. Per aix\u00f2, l&#8217;Usuari no ha d&#8217;actuar sobre la base de la informaci\u00f3 continguda al Portal, sense rec\u00f3rrer pr\u00e8viament al corresponent assessorament professional.<\/p>\n<p>Els enlla\u00e7os o links continguts en el Portal poden adre\u00e7ar a l&#8217;Usuari a altres llocs i \/ o p\u00e0gines web gestionats per tercers, sobre els quals Gibernau no exerceix cap tipus de control. En conseq\u00fc\u00e8ncia, Gibernau no assumeix cap responsabilitat ni del contingut ni de l&#8217;estat d&#8217;aquests llocs i \/ o p\u00e0gines web. L&#8217;acc\u00e9s als mateixos a trav\u00e9s del Portal tampoc implica que Gibernau recomani o aprovi el seu contingut.<\/p>\n<h2>LIMITACI\u00d3 DE RESPONSABILITAT<\/h2>\n<p>L&#8217;Usuari del Portal, ho fa pel seu propi compte i risc. Gibernau no es responsabilitza dels errors o omissions que puguin detectar el contingut del mateix o altres als quals es pugui accedir a trav\u00e9s del mateix. Gibernau tampoc podr\u00e0 ser considerada responsable de cap dany derivat de la utilitzaci\u00f3 del Portal, ni per qualsevol actuaci\u00f3 realitzada sobre la base de la informaci\u00f3 que en ell es faciliti.<\/p>\n<p>Gibernau no garanteix l&#8217;abs\u00e8ncia de virus o altres elements lesius que poguessin causar danys o alteracions en el sistema inform\u00e0tic, en els documents electr\u00f2nics o en els fitxers de l&#8217;Usuari del Portal. En conseq\u00fc\u00e8ncia, Gibernau no respon pels danys i perjudicis que aquests elements poguessin ocasionar a l&#8217;usuari o de tercers.<\/p>\n<h2>PROTECCI\u00d3 DE DADES DE CAR\u00c0CTER PERSONAL<\/h2>\n<p>Gibernau compleix amb la Llei Org\u00e0nica 15\/1999, de 13 de desembre, de protecci\u00f3 de dades de car\u00e0cter personal (en endavant, la &#8220;LOPD&#8221;) i altres normes concordants, de manera que, en el cas que alguna dada personal fora facilitat per l&#8217;Usuari a trav\u00e9s del Portal, aquest seria integrat en les bases de dades de Gibernau, tractant-se amb la m\u00e0xima confidencialitat i amb l&#8217;\u00fanica finalitat de mantenir-lo informat sobre qualsevol novetat o servei que fora del seu inter\u00e8s.<\/p>\n<p>El Portal utilitza cookies en la mesura imprescindible per al correcte funcionament i visualitzaci\u00f3 del mateix per part de l&#8217;Usuari. Les cookies utilitzades tenen, en tot cas, car\u00e0cter temporal i desapareixeran en acabar la sessi\u00f3 de l&#8217;Usuari. En cap cas s&#8217;utilitzaran les cookies per recollir informaci\u00f3 de car\u00e0cter personal.<\/p>\n<p>D&#8217;acord amb el que disposa la LOPD, l&#8217;Usuari podr\u00e0 exercir els drets d&#8217;acc\u00e9s, rectificaci\u00f3, cancel\u00b7laci\u00f3 i oposici\u00f3 mitjan\u00e7ant sol\u00b7licitud dirigida a l&#8217;adre\u00e7a de correu electr\u00f2nic <a href=\"mailto:gibernau@gibernau.es\" target=\"_blank\" rel=\"noopener\">gibernau@gibernau.es<\/a> o per correu postal dirigit a Gibernau, Rambla Catalunya, 47 , Barcelona.<\/p>\n<h2>DRETS DE PROPIETAT INTEL\u00b7LECTUAL I INDUSTRIAL<\/h2>\n<p>Tot el contingut del Portal, aix\u00ed com la seva estructura, disseny i codi font, s\u00f3n propietat de Gibernau i estan protegits per la legislaci\u00f3 vigent en mat\u00e8ria de propietat industrial i intel\u00b7lectual. En cap cas, l&#8217;acc\u00e9s al Portal per part de l&#8217;Usuari li atorga dret sobre aquest contingut, ni tan sols per la seva mera reproducci\u00f3 per a \u00fas personal.[\/vc_column_text][\/vc_column][\/vc_row]<\/p>\n<\/div>","protected":false},"excerpt":{"rendered":"<p>[vc_row css_animation=&#8221;&#8221; row_type=&#8221;row&#8221; use_row_as_full_screen_section=&#8221;no&#8221; type=&#8221;grid&#8221; angled_section=&#8221;no&#8221; text_align=&#8221;left&#8221; background_image_as_pattern=&#8221;without_pattern&#8221; z_index=&#8221;&#8221; css=&#8221;.vc_custom_1548103624244{padding-top: 60px !important;padding-bottom: 120px !important;}&#8221;][vc_column][vc_column_text]Les presents disposicions regulen l&#8217;\u00fas del servei del Portal d&#8217;internet (en endavant, el &#8220;Portal&#8221;) que Gibernau Asesores posa a disposici\u00f3 de l&#8217;usuari d&#8217;internet (en endavant, &#8220;l&#8217;Usuari&#8221;). Gibernau Asesores, S.L. (En endavant, &#8220;Gibernau&#8221;)&#8230;<\/p>\n","protected":false},"author":1,"featured_media":0,"parent":0,"menu_order":20,"comment_status":"closed","ping_status":"closed","template":"full_width.php","meta":{"footnotes":""},"class_list":["post-2073","page","type-page","status-publish","hentry"],"_links":{"self":[{"href":"https:\/\/www.gibernau.es\/ca\/wp-json\/wp\/v2\/pages\/2073","targetHints":{"allow":["GET"]}}],"collection":[{"href":"https:\/\/www.gibernau.es\/ca\/wp-json\/wp\/v2\/pages"}],"about":[{"href":"https:\/\/www.gibernau.es\/ca\/wp-json\/wp\/v2\/types\/page"}],"author":[{"embeddable":true,"href":"https:\/\/www.gibernau.es\/ca\/wp-json\/wp\/v2\/users\/1"}],"replies":[{"embeddable":true,"href":"https:\/\/www.gibernau.es\/ca\/wp-json\/wp\/v2\/comments?post=2073"}],"version-history":[{"count":0,"href":"https:\/\/www.gibernau.es\/ca\/wp-json\/wp\/v2\/pages\/2073\/revisions"}],"wp:attachment":[{"href":"https:\/\/www.gibernau.es\/ca\/wp-json\/wp\/v2\/media?parent=2073"}],"curies":[{"name":"wp","href":"https:\/\/api.w.org\/{rel}","templated":true}]}}