{"id":2070,"date":"2019-02-01T12:53:15","date_gmt":"2019-02-01T11:53:15","guid":{"rendered":"https:\/\/www.gibernauasesores.com\/publicaciones\/"},"modified":"2022-03-10T10:04:33","modified_gmt":"2022-03-10T09:04:33","slug":"publications","status":"publish","type":"page","link":"https:\/\/www.gibernau.es\/en\/publications\/","title":{"rendered":"Publications"},"content":{"rendered":"<div class=\"wpb-content-wrapper\"><p>[vc_row css_animation=&#8221;&#8221; row_type=&#8221;row&#8221; use_row_as_full_screen_section=&#8221;no&#8221; type=&#8221;grid&#8221; angled_section=&#8221;no&#8221; text_align=&#8221;center&#8221; background_image_as_pattern=&#8221;without_pattern&#8221; css=&#8221;.vc_custom_1549034101711{padding-top: 30px !important;padding-bottom: 30px !important;}&#8221; z_index=&#8221;&#8221;][vc_column][vc_column_text]<\/p>\n<p style=\"text-align: center;\">En Gibernau ponemos a su disposici\u00f3n <strong>circulares<\/strong>, la <strong>gu\u00eda fiscal<\/strong> y el <strong>newsletter\u00a0<\/strong>para que tenga la m\u00e1xima informaci\u00f3n sobre la actualidad fiscal, contable, mercantil, civil e inmobiliaria.<\/p>\n<p>[\/vc_column_text][vc_empty_space]<a  itemprop=\"url\" href=\"#circulares\" target=\"_self\"  class=\"qbutton  medium default\" style=\"\">Circulares<\/a><a  itemprop=\"url\" href=\"#guia-fiscal\" target=\"_self\"  class=\"qbutton  medium default\" style=\"\">Gu\u00eda fiscal<\/a>[\/vc_column][\/vc_row][vc_row css_animation=&#8221;&#8221; row_type=&#8221;row&#8221; use_row_as_full_screen_section=&#8221;no&#8221; type=&#8221;full_width&#8221; anchor=&#8221;circulares&#8221; angled_section=&#8221;no&#8221; text_align=&#8221;center&#8221; background_image_as_pattern=&#8221;without_pattern&#8221; css=&#8221;.vc_custom_1549022130239{padding-top: 30px !important;padding-bottom: 30px !important;background-color: #444444 !important;}&#8221; z_index=&#8221;&#8221;][vc_column][vc_column_text]<\/p>\n<h2><span style=\"color: #ffffff;\">Circulares<\/span><\/h2>\n<p><small style=\"color: #ffffff; text-align: center;\">Informaci\u00f3n sobre la actualidad fiscal, contable, mercantil, civil e inmobiliaria.<\/small>[\/vc_column_text][\/vc_column][\/vc_row][vc_row css_animation=&#8221;&#8221; row_type=&#8221;row&#8221; use_row_as_full_screen_section=&#8221;no&#8221; type=&#8221;full_width&#8221; angled_section=&#8221;no&#8221; text_align=&#8221;center&#8221; background_image_as_pattern=&#8221;without_pattern&#8221; css=&#8221;.vc_custom_1548157512055{padding-top: 30px !important;padding-bottom: 30px !important;}&#8221; z_index=&#8221;&#8221;][vc_column][vc_row_inner row_type=&#8221;row&#8221; type=&#8221;grid&#8221; text_align=&#8221;center&#8221; css_animation=&#8221;&#8221; css=&#8221;.vc_custom_1549037219789{padding-top: 22px !important;padding-bottom: 22px !important;}&#8221;][vc_column_inner css=&#8221;.vc_custom_1548157492215{margin-top: 0px !important;margin-bottom: 0px !important;}&#8221;][vc_empty_space]<div class='q_masonry_blog'><div class=\"q_masonry_blog_grid_sizer\"><\/div><div class=\"q_masonry_blog_grid_gutter\"><\/div><\/div>[\/vc_column_inner][\/vc_row_inner][\/vc_column][\/vc_row][vc_row css_animation=&#8221;&#8221; row_type=&#8221;row&#8221; use_row_as_full_screen_section=&#8221;no&#8221; type=&#8221;full_width&#8221; angled_section=&#8221;no&#8221; text_align=&#8221;left&#8221; background_image_as_pattern=&#8221;without_pattern&#8221; css=&#8221;.vc_custom_1548105435861{padding-top: 30px !important;padding-bottom: 30px !important;}&#8221; z_index=&#8221;&#8221;][vc_column][vc_empty_space height=&#8221;22px&#8221;][\/vc_column][\/vc_row][vc_row css_animation=&#8221;&#8221; row_type=&#8221;row&#8221; use_row_as_full_screen_section=&#8221;no&#8221; type=&#8221;full_width&#8221; anchor=&#8221;guia-fiscal&#8221; angled_section=&#8221;no&#8221; text_align=&#8221;center&#8221; background_image_as_pattern=&#8221;without_pattern&#8221; css=&#8221;.vc_custom_1549022150381{padding-top: 30px !important;padding-bottom: 30px !important;background-color: #444444 !important;}&#8221; z_index=&#8221;&#8221;][vc_column][vc_column_text]<\/p>\n<h2><span style=\"color: #ffffff;\">Gu\u00eda fiscal<\/span><\/h2>\n<p><small>Aspectos significativos en los \u00e1mbitos Fiscal y Mercantil <\/small>[\/vc_column_text][\/vc_column][\/vc_row][vc_row css_animation=&#8221;&#8221; row_type=&#8221;row&#8221; use_row_as_full_screen_section=&#8221;no&#8221; type=&#8221;grid&#8221; angled_section=&#8221;no&#8221; text_align=&#8221;left&#8221; background_image_as_pattern=&#8221;without_pattern&#8221; css=&#8221;.vc_custom_1549037083909{padding-top: 30px !important;padding-bottom: 30px !important;}&#8221; z_index=&#8221;&#8221;][vc_column][vc_row_inner row_type=&#8221;row&#8221; type=&#8221;full_width&#8221; text_align=&#8221;left&#8221; css_animation=&#8221;&#8221; css=&#8221;.vc_custom_1549037209601{padding-top: 22px !important;padding-bottom: 22px !important;}&#8221;][vc_column_inner width=&#8221;3\/4&#8243;][vc_column_text]Nuestra Gu\u00eda fiscal recoge los aspectos que, bajo nuestro punto de vista, resultan m\u00e1s significativos y que tendr\u00e1n su vigencia durante el ejercicio actual en el \u00e1mbito Fiscal, junto con otros de utilidad pr\u00e1ctica.<\/p>\n<p>Sin embargo, debe tenerse en cuenta que el contenido de la presente Gu\u00eda incluye las principales modificaciones normativas aprobadas hasta el d\u00eda de cierre de su redacci\u00f3n, en fecha 28 de febrero de 2018, cuando todav\u00eda no han sido aprobadas las Leyes de Presupuestos del Estado ni de la Comunidad Aut\u00f3noma de Catalu\u00f1a.<\/p>\n<p>Por otro lado, dado su car\u00e1cter puramente informativo, esta Gu\u00eda s\u00f3lo recoge aquellos aspectos que han sido considerados m\u00e1s relevantes. Adicionalmente, recibir\u00e1n informaci\u00f3n de las novedades tributarias, as\u00ed como otros datos de inter\u00e9s, a trav\u00e9s de nuestras circulares informativas o res\u00famenes monogr\u00e1ficos.<\/p>\n<p>Reiteramos que la informaci\u00f3n de esta Gu\u00eda es de car\u00e1cter general, no debiendo aplicar sus contenidos sin el adecuado asesoramiento y con las oportunas recomendaciones de los profesionales de nuestro despacho.<\/p>\n<p>Quedamos a su disposici\u00f3n para comentar cualquier consulta o aspecto de su inter\u00e9s, tanto de los temas tratados en este ejemplar, como cualquier otro en el que podamos asesorarle.[\/vc_column_text][\/vc_column_inner][vc_column_inner width=&#8221;1\/4&#8243;]<a  itemprop=\"url\" href=\"http:\/\/www.gibernauasesores.com\/wp-content\/uploads\/2019\/02\/GibernauAsesores-Guia-fiscal-2018.pdf\" target=\"_blank\"  class=\"qbutton  large default\" style=\"\">Gu\u00eda fiscal 2018<i class=\"qode_icon_font_awesome fa fa-file qode_button_icon_element\"><\/i><\/a>[vc_empty_space height=&#8221;22px&#8221;]<a  itemprop=\"url\" href=\"http:\/\/www.gibernauasesores.com\/wp-content\/uploads\/2019\/02\/GibernauAsesores-Guia-fiscal-2015.pdf\" target=\"_blank\"  class=\"qbutton  large default\" style=\"\">Gu\u00eda fiscal 2015<i class=\"qode_icon_font_awesome fa fa-file qode_button_icon_element\"><\/i><\/a>[vc_empty_space height=&#8221;22px&#8221;]<a  itemprop=\"url\" href=\"http:\/\/www.gibernauasesores.com\/wp-content\/uploads\/2019\/02\/GibernauAsesores-Guia-fiscal-2014.pdf\" target=\"_blank\"  class=\"qbutton  large default\" style=\"\">Gu\u00eda fiscal 2014<i class=\"qode_icon_font_awesome fa fa-file qode_button_icon_element\"><\/i><\/a>[\/vc_column_inner][\/vc_row_inner][\/vc_column][\/vc_row][vc_row css_animation=&#8221;&#8221; row_type=&#8221;row&#8221; use_row_as_full_screen_section=&#8221;no&#8221; type=&#8221;full_width&#8221; angled_section=&#8221;no&#8221; text_align=&#8221;left&#8221; background_image_as_pattern=&#8221;without_pattern&#8221;][vc_column][vc_empty_space][\/vc_column][\/vc_row]<\/p>\n<\/div>","protected":false},"excerpt":{"rendered":"<p>[vc_row css_animation=&#8221;&#8221; row_type=&#8221;row&#8221; use_row_as_full_screen_section=&#8221;no&#8221; type=&#8221;grid&#8221; angled_section=&#8221;no&#8221; text_align=&#8221;center&#8221; background_image_as_pattern=&#8221;without_pattern&#8221; css=&#8221;.vc_custom_1549034101711{padding-top: 30px !important;padding-bottom: 30px !important;}&#8221; z_index=&#8221;&#8221;][vc_column][vc_column_text] En Gibernau ponemos a su disposici\u00f3n circulares, la gu\u00eda fiscal y el newsletter\u00a0para que tenga la m\u00e1xima informaci\u00f3n sobre la actualidad fiscal, contable, mercantil, civil e inmobiliaria. [\/vc_column_text][vc_empty_space][\/vc_column][\/vc_row][vc_row css_animation=&#8221;&#8221; row_type=&#8221;row&#8221; use_row_as_full_screen_section=&#8221;no&#8221;&#8230;<\/p>\n","protected":false},"author":1,"featured_media":0,"parent":0,"menu_order":3,"comment_status":"closed","ping_status":"closed","template":"full_width.php","meta":{"footnotes":""},"class_list":["post-2070","page","type-page","status-publish","hentry"],"_links":{"self":[{"href":"https:\/\/www.gibernau.es\/en\/wp-json\/wp\/v2\/pages\/2070","targetHints":{"allow":["GET"]}}],"collection":[{"href":"https:\/\/www.gibernau.es\/en\/wp-json\/wp\/v2\/pages"}],"about":[{"href":"https:\/\/www.gibernau.es\/en\/wp-json\/wp\/v2\/types\/page"}],"author":[{"embeddable":true,"href":"https:\/\/www.gibernau.es\/en\/wp-json\/wp\/v2\/users\/1"}],"replies":[{"embeddable":true,"href":"https:\/\/www.gibernau.es\/en\/wp-json\/wp\/v2\/comments?post=2070"}],"version-history":[{"count":0,"href":"https:\/\/www.gibernau.es\/en\/wp-json\/wp\/v2\/pages\/2070\/revisions"}],"wp:attachment":[{"href":"https:\/\/www.gibernau.es\/en\/wp-json\/wp\/v2\/media?parent=2070"}],"curies":[{"name":"wp","href":"https:\/\/api.w.org\/{rel}","templated":true}]}}